{"id":716,"date":"2025-09-27T11:51:20","date_gmt":"2025-09-27T09:51:20","guid":{"rendered":"https:\/\/justmake.pl\/?page_id=716"},"modified":"2025-09-27T12:55:18","modified_gmt":"2025-09-27T10:55:18","slug":"sprawdz-status","status":"publish","type":"page","link":"https:\/\/justmake.pl\/index.php\/sprawdz-status\/","title":{"rendered":"Sprawd\u017a status"},"content":{"rendered":"\t\t<div data-elementor-type=\"wp-page\" data-elementor-id=\"716\" class=\"elementor elementor-716\">\n\t\t\t\t\t\t\t\t\t<section class=\"ob-is-breaking-bad elementor-section elementor-top-section elementor-element elementor-element-901518d elementor-section-height-full elementor-section-boxed elementor-section-height-default elementor-section-items-middle\" data-id=\"901518d\" data-element_type=\"section\" data-settings=\"{&quot;background_background&quot;:&quot;classic&quot;,&quot;shape_divider_bottom&quot;:&quot;opacity-tilt&quot;,&quot;_ob_bbad_use_it&quot;:&quot;yes&quot;,&quot;_ob_bbad_sssic_use&quot;:&quot;no&quot;,&quot;_ob_glider_is_slider&quot;:&quot;no&quot;}\">\n\t\t\t\t\t<div class=\"elementor-shape elementor-shape-bottom\" data-negative=\"false\">\n\t\t\t<svg xmlns=\"http:\/\/www.w3.org\/2000\/svg\" viewBox=\"0 0 2600 131.1\" preserveAspectRatio=\"none\">\n\t<path class=\"elementor-shape-fill\" d=\"M0 0L2600 0 2600 69.1 0 0z\"\/>\n\t<path class=\"elementor-shape-fill\" style=\"opacity:0.5\" d=\"M0 0L2600 0 2600 69.1 0 69.1z\"\/>\n\t<path class=\"elementor-shape-fill\" style=\"opacity:0.25\" d=\"M2600 0L0 0 0 130.1 2600 69.1z\"\/>\n<\/svg>\t\t<\/div>\n\t\t\t\t\t<div class=\"elementor-container elementor-column-gap-default\">\n\t\t\t\t\t<div class=\"elementor-column elementor-col-100 elementor-top-column elementor-element elementor-element-4ccfab7\" data-id=\"4ccfab7\" data-element_type=\"column\" data-settings=\"{&quot;_ob_bbad_is_stalker&quot;:&quot;no&quot;,&quot;_ob_teleporter_use&quot;:false,&quot;_ob_column_hoveranimator&quot;:&quot;no&quot;,&quot;_ob_column_has_pseudo&quot;:&quot;no&quot;}\">\n\t\t\t<div class=\"elementor-widget-wrap elementor-element-populated\">\n\t\t\t\t\t\t\t\t<div class=\"elementor-element elementor-element-fc55fa9 ob-has-background-overlay elementor-widget elementor-widget-html\" data-id=\"fc55fa9\" data-element_type=\"widget\" data-settings=\"{&quot;_ob_perspektive_use&quot;:&quot;no&quot;,&quot;_ob_poopart_use&quot;:&quot;yes&quot;,&quot;_ob_shadough_use&quot;:&quot;no&quot;,&quot;_ob_allow_hoveranimator&quot;:&quot;no&quot;,&quot;_ob_widget_stalker_use&quot;:&quot;no&quot;}\" data-widget_type=\"html.default\">\n\t\t\t\t<div class=\"elementor-widget-container\">\n\t\t\t\r\n<style>\r\ninput { \r\n    text-align: center; \r\n}\r\n    body {\r\n        background: #f0f2f5;\r\n        font-family: 'Segoe UI', Tahoma, Geneva, Verdana, sans-serif;\r\n        text-align: center;\r\n    }\r\n    .status-card {\r\n        max-width: 500px;\r\n        margin: 80px auto;\r\n        border-radius: 15px;\r\n        box-shadow: 0 10px 25px rgba(0,0,0,0.1);\r\n    }\r\n    .status-card .card-body {\r\n        padding: 2rem;\r\n    }\r\n    label {\r\n        font-weight: 600;\r\n        margin-bottom: 0.25rem;\r\n    }\r\n    input.form-control {\r\n        border-radius: 50px;\r\n        padding: 0.75rem 1rem;\r\n        border: 1px solid #ddd;\r\n        transition: all 0.2s;\r\n    }\r\n    input.form-control:focus {\r\n        border-color: #0d6efd;\r\n        box-shadow: 0 0 8px rgba(13,110,253,0.2);\r\n    }\r\n    button.btn-primary {\r\n        margin-top: 10px;\r\n        border-radius: 40px;\r\n        height: 40px;\r\n        width: 180px;\r\n        padding: 0.75rem;\r\n        font-weight: 600;\r\n        transition: all 0.2s;\r\n    }\r\n    button.btn-primary:hover {\r\n        box-shadow: 0 4px 15px rgba(13,110,253,0.3);\r\n    }\r\n    .status-result {\r\n        margin-top: 1.5rem;\r\n        padding: 1rem;\r\n        border-radius: 12px;\r\n        background: #fff;\r\n        box-shadow: 0 4px 12px rgba(0,0,0,0.05);\r\n        font-size: 1.1rem;\r\n    }\r\n    .badge-status {\r\n        \r\n        margin-left: 5px;\r\n        font-size: 150%;\r\n    }\r\n    .cost {\r\n        display: block;\r\n        margin-top: 0.5rem;\r\n        font-weight: bold;\r\n        color: #0d6efd;\r\n        font-size: 150%;\r\n    }\r\n<\/style>\r\n<\/head>\r\n<body>\r\n\r\n<div class=\"container\">\r\n    <div class=\"status-card card shadow-sm\">\r\n        <div class=\"card-body\">\r\n            <h3 class=\"card-title mb-4 text-center\">Sprawd\u017a status naprawy<\/h3>\r\n\r\n            <form id=\"statusForm\">\r\n                <div class=\"mb-3\">\r\n                    <label for=\"phone\">Numer telefonu<\/label>\r\n                    <input type=\"text\" id=\"phone\" name=\"phone\" class=\"form-control\" placeholder=\"Wprowad\u017a numer telefonu\" required>\r\n                <\/div>\r\n                <div class=\"mb-3\">\r\n                    <label for=\"code\">Otrzymany kod dost\u0119pu<\/label>\r\n                    <input type=\"text\" id=\"code\" name=\"code\" class=\"form-control\" placeholder=\"Wprowad\u017a kod kt\u00f3ry otrzyma\u0142e\u015b\" required>\r\n                <\/div>\r\n                <button type=\"submit\" class=\"btn btn-primary w-100\">Sprawd\u017a status<\/button>\r\n            <\/form>\r\n\r\n            <div id=\"statusResult\" class=\"status-result text-center\"><\/div>\r\n        <\/div>\r\n    <\/div>\r\n<\/div>\r\n\r\n<script>\r\ndocument.getElementById(\"statusForm\").addEventListener(\"submit\", function(e){\r\n    e.preventDefault();\r\n    const formData = new FormData(this);\r\n    const params = new URLSearchParams();\r\n    formData.forEach((value, key) => { params.append(key, value); });\r\n\r\n    fetch(\"https:\/\/panel.majster-sztyk.pl\/api\/get_status.php\", {\r\n        method: \"POST\",\r\n        headers: { \"Content-Type\": \"application\/x-www-form-urlencoded\" },\r\n        body: params\r\n    })\r\n    .then(res => res.json())\r\n    .then(data => {\r\n        const container = document.getElementById(\"statusResult\");\r\n        if(data.success){\r\n            let wycenaBadge = data.status === \"Wycena\" \r\n                ? ' ' \r\n                : '';\r\n            let koszt = data.total ? `<span class=\"cost\">Koszt ca\u0142kowity: ${data.total.toFixed(2)} z\u0142<\/span>` : '';\r\n            container.innerHTML = `<b>Status:<\/b> ${data.status} ${wycenaBadge}${koszt}`;\r\n        } else {\r\n            container.innerHTML = `<span class=\"text-danger\">${data.error}<\/span>`;\r\n        }\r\n    })\r\n    .catch(err => {\r\n        document.getElementById(\"statusResult\").innerHTML = `<span class=\"text-danger\">B\u0142\u0105d serwera<\/span>`;\r\n        console.error(err);\r\n    });\r\n});\r\n<\/script>\r\n\r\n<script src=\"https:\/\/cdn.jsdelivr.net\/npm\/bootstrap@5.3.3\/dist\/js\/bootstrap.bundle.min.js\"><\/script>\t\t<\/div>\n\t\t\t\t<\/div>\n\t\t\t\t<div class=\"elementor-element elementor-element-1a5aee6 ob-has-background-overlay elementor-widget elementor-widget-html\" data-id=\"1a5aee6\" data-element_type=\"widget\" data-settings=\"{&quot;_ob_perspektive_use&quot;:&quot;no&quot;,&quot;_ob_poopart_use&quot;:&quot;yes&quot;,&quot;_ob_shadough_use&quot;:&quot;no&quot;,&quot;_ob_allow_hoveranimator&quot;:&quot;no&quot;,&quot;_ob_widget_stalker_use&quot;:&quot;no&quot;}\" data-widget_type=\"html.default\">\n\t\t\t\t<div class=\"elementor-widget-container\">\n\t\t\t<style>\r\n    .tablesorter {\r\n        width: 100%;\r\n        border-collapse: collapse;\r\n    }\r\n\r\n    .tablesorter th,\r\n    .tablesorter td {\r\n        padding: 8px;\r\n        text-align: left;\r\n    }\r\n\r\n    .tablesorter th {\r\n        background-color: #002D59 !important;\r\n    }\r\n\r\n    .tablesorter tbody tr:nth-child(odd) {\r\n        background-color: #ffffff;\r\n    }\r\n\r\n    .tablesorter tbody tr:nth-child(even) {\r\n        background-color: #f2f2f2;\r\n    }\r\n\r\n    .tablesorter tbody tr:first-child td:first-child {\r\n        width: 85%;\r\n        text-align: left;\r\n    }\r\n\r\n    .tablesorter tbody tr:first-child td:last-child {\r\n        width: 15%;\r\n        text-align: left;\r\n    }\r\n<\/style>\r\n\t\t<\/div>\n\t\t\t\t<\/div>\n\t\t\t\t<div class=\"elementor-element elementor-element-e2db196 eael-table-align-center eael-dt-th-align-left eael-dt-td-align-left ob-has-background-overlay elementor-widget elementor-widget-eael-data-table\" data-id=\"e2db196\" data-element_type=\"widget\" data-settings=\"{&quot;_ob_perspektive_use&quot;:&quot;no&quot;,&quot;_ob_poopart_use&quot;:&quot;yes&quot;,&quot;_ob_shadough_use&quot;:&quot;no&quot;,&quot;_ob_allow_hoveranimator&quot;:&quot;no&quot;,&quot;_ob_widget_stalker_use&quot;:&quot;no&quot;}\" data-widget_type=\"eael-data-table.default\">\n\t\t\t\t<div class=\"elementor-widget-container\">\n\t\t\t\t\t<div class=\"eael-data-table-wrap\" data-table_id=\"e2db196\" data-custom_responsive=\"false\">\n\t\t\t<table class=\"tablesorter eael-data-table center\" id=\"eael-data-table-e2db196\">\n\t\t\t    <thead>\n\t\t\t        <tr class=\"table-header\">\n\t\t\t\t\t\t\t\t\t            <th class=\"\" id=\"\" colspan=\"\">\n\t\t\t\t\t\t\t\t\t\t\t\t\t\t<span class=\"data-table-header-text\">Table Header<\/span><\/th>\n\t\t\t        \t\t\t\t            <th class=\"\" id=\"\" colspan=\"\">\n\t\t\t\t\t\t\t\t\t\t\t\t\t\t<span class=\"data-table-header-text\">Table Header<\/span><\/th>\n\t\t\t        \t\t\t\t            <th class=\"\" id=\"\" colspan=\"\">\n\t\t\t\t\t\t\t\t\t\t\t\t\t\t<span class=\"data-table-header-text\">Table Header<\/span><\/th>\n\t\t\t        \t\t\t\t            <th class=\"\" id=\"\" colspan=\"\">\n\t\t\t\t\t\t\t\t\t\t\t\t\t\t<span class=\"data-table-header-text\">Table Header<\/span><\/th>\n\t\t\t        \t\t\t\t        <\/tr>\n\t\t\t    <\/thead>\n\t\t\t  \t<tbody>\n\t\t\t\t\t\t\t\t\t\t\t<tr>\n\t\t\t\t\t\t\t\t\t\t\t\t\t\t\t\t   \t\t\t\t\t\t\t\t\t\t\t<td colspan=\"\" rowspan=\"\" class=\"\" id=\"\">\n\t\t\t\t\t\t\t\t\t\t\t\t<div class=\"td-content-wrapper\"><div class=\"td-content\">Content<\/div><\/div>\n\t\t\t\t\t\t\t\t\t\t\t<\/td>\n\t\t\t\t\t\t\t\t\t\t\t\t\t\t\t\t\t\t\t\t\t\t\t\t\t\t\t\t\t   \t\t\t\t\t\t\t\t\t\t\t<td colspan=\"\" rowspan=\"\" class=\"\" id=\"\">\n\t\t\t\t\t\t\t\t\t\t\t\t<div class=\"td-content-wrapper\"><div class=\"td-content\">Content<\/div><\/div>\n\t\t\t\t\t\t\t\t\t\t\t<\/td>\n\t\t\t\t\t\t\t\t\t\t\t\t\t\t\t\t\t\t\t\t\t\t\t\t\t\t\t\t\t   \t\t\t\t\t\t\t\t\t\t\t<td colspan=\"\" rowspan=\"\" class=\"\" id=\"\">\n\t\t\t\t\t\t\t\t\t\t\t\t<div class=\"td-content-wrapper\"><div class=\"td-content\">Content<\/div><\/div>\n\t\t\t\t\t\t\t\t\t\t\t<\/td>\n\t\t\t\t\t\t\t\t\t\t\t\t\t\t\t\t\t\t\t\t\t\t\t\t\t\t\t\t\t   \t\t\t\t\t\t\t\t\t\t\t<td colspan=\"\" rowspan=\"\" class=\"\" id=\"\">\n\t\t\t\t\t\t\t\t\t\t\t\t<div class=\"td-content-wrapper\"><div class=\"td-content\">Content<\/div><\/div>\n\t\t\t\t\t\t\t\t\t\t\t<\/td>\n\t\t\t\t\t\t\t\t\t\t\t\t\t\t\t\t\t\t\t\t\t\t\t\t\t\t<\/tr>\n\t\t\t        \t\t\t    <\/tbody>\n\t\t\t<\/table>\n\t\t<\/div>\n\t  \t\t\t<\/div>\n\t\t\t\t<\/div>\n\t\t\t\t<div class=\"elementor-element elementor-element-29fa666 ob-has-background-overlay elementor-widget elementor-widget-spacer\" data-id=\"29fa666\" data-element_type=\"widget\" data-settings=\"{&quot;_ob_spacerat_use&quot;:&quot;no&quot;,&quot;_ob_perspektive_use&quot;:&quot;no&quot;,&quot;_ob_poopart_use&quot;:&quot;yes&quot;,&quot;_ob_shadough_use&quot;:&quot;no&quot;,&quot;_ob_allow_hoveranimator&quot;:&quot;no&quot;,&quot;_ob_widget_stalker_use&quot;:&quot;no&quot;}\" data-widget_type=\"spacer.default\">\n\t\t\t\t<div class=\"elementor-widget-container\">\n\t\t\t<style>\/*! elementor - v3.11.1 - 15-02-2023 *\/\n.elementor-column .elementor-spacer-inner{height:var(--spacer-size)}.e-con{--container-widget-width:100%}.e-con-inner>.elementor-widget-spacer,.e-con>.elementor-widget-spacer{width:var(--container-widget-width,var(--spacer-size));--align-self:var(--container-widget-align-self,initial);--flex-shrink:0}.e-con-inner>.elementor-widget-spacer>.elementor-widget-container,.e-con-inner>.elementor-widget-spacer>.elementor-widget-container>.elementor-spacer,.e-con>.elementor-widget-spacer>.elementor-widget-container,.e-con>.elementor-widget-spacer>.elementor-widget-container>.elementor-spacer{height:100%}.e-con-inner>.elementor-widget-spacer>.elementor-widget-container>.elementor-spacer>.elementor-spacer-inner,.e-con>.elementor-widget-spacer>.elementor-widget-container>.elementor-spacer>.elementor-spacer-inner{height:var(--container-widget-height,var(--spacer-size))}<\/style>\t\t<div class=\"elementor-spacer\">\n\t\t\t<div class=\"elementor-spacer-inner\"><\/div>\n\t\t<\/div>\n\t\t\t\t<\/div>\n\t\t\t\t<\/div>\n\t\t\t\t\t<\/div>\n\t\t<\/div>\n\t\t\t\t\t\t\t<\/div>\n\t\t<\/section>\n\t\t\t\t<section class=\"ob-is-breaking-bad elementor-section elementor-top-section elementor-element elementor-element-6f91558 elementor-section-boxed elementor-section-height-default elementor-section-height-default\" data-id=\"6f91558\" data-element_type=\"section\" data-settings=\"{&quot;_ob_bbad_use_it&quot;:&quot;yes&quot;,&quot;_ob_bbad_sssic_use&quot;:&quot;no&quot;,&quot;_ob_glider_is_slider&quot;:&quot;no&quot;}\">\n\t\t\t\t\t\t<div class=\"elementor-container elementor-column-gap-default\">\n\t\t\t\t\t<div class=\"elementor-column elementor-col-100 elementor-top-column elementor-element elementor-element-8349568\" data-id=\"8349568\" data-element_type=\"column\" data-settings=\"{&quot;_ob_bbad_is_stalker&quot;:&quot;no&quot;,&quot;_ob_teleporter_use&quot;:false,&quot;_ob_column_hoveranimator&quot;:&quot;no&quot;,&quot;_ob_column_has_pseudo&quot;:&quot;no&quot;}\">\n\t\t\t<div class=\"elementor-widget-wrap\">\n\t\t\t\t\t\t\t\t\t<\/div>\n\t\t<\/div>\n\t\t\t\t\t\t\t<\/div>\n\t\t<\/section>\n\t\t\t\t<section class=\"ob-is-breaking-bad elementor-section elementor-top-section elementor-element elementor-element-f561434 elementor-section-boxed elementor-section-height-default elementor-section-height-default\" data-id=\"f561434\" data-element_type=\"section\" data-settings=\"{&quot;_ob_bbad_use_it&quot;:&quot;yes&quot;,&quot;_ob_bbad_sssic_use&quot;:&quot;no&quot;,&quot;_ob_glider_is_slider&quot;:&quot;no&quot;}\">\n\t\t\t\t\t\t<div class=\"elementor-container elementor-column-gap-default\">\n\t\t\t\t\t<div class=\"elementor-column elementor-col-100 elementor-top-column elementor-element elementor-element-c4be239\" data-id=\"c4be239\" data-element_type=\"column\" data-settings=\"{&quot;_ob_bbad_is_stalker&quot;:&quot;no&quot;,&quot;_ob_teleporter_use&quot;:false,&quot;_ob_column_hoveranimator&quot;:&quot;no&quot;,&quot;_ob_column_has_pseudo&quot;:&quot;no&quot;}\">\n\t\t\t<div class=\"elementor-widget-wrap\">\n\t\t\t\t\t\t\t\t\t<\/div>\n\t\t<\/div>\n\t\t\t\t\t\t\t<\/div>\n\t\t<\/section>\n\t\t\t\t\t\t\t<\/div>\n\t\t","protected":false},"excerpt":{"rendered":"<p>Sprawd\u017a status naprawy Numer telefonu Otrzymany kod dost\u0119pu Sprawd\u017a status Table Header Table Header Table Header Table Header Content Content Content Content<\/p>\n","protected":false},"author":1,"featured_media":0,"parent":0,"menu_order":0,"comment_status":"closed","ping_status":"closed","template":"","meta":{"om_disable_all_campaigns":false,"_mi_skip_tracking":false,"footnotes":""},"class_list":["post-716","page","type-page","status-publish","hentry","entry"],"aioseo_notices":[],"_links":{"self":[{"href":"https:\/\/justmake.pl\/index.php\/wp-json\/wp\/v2\/pages\/716","targetHints":{"allow":["GET"]}}],"collection":[{"href":"https:\/\/justmake.pl\/index.php\/wp-json\/wp\/v2\/pages"}],"about":[{"href":"https:\/\/justmake.pl\/index.php\/wp-json\/wp\/v2\/types\/page"}],"author":[{"embeddable":true,"href":"https:\/\/justmake.pl\/index.php\/wp-json\/wp\/v2\/users\/1"}],"replies":[{"embeddable":true,"href":"https:\/\/justmake.pl\/index.php\/wp-json\/wp\/v2\/comments?post=716"}],"version-history":[{"count":5,"href":"https:\/\/justmake.pl\/index.php\/wp-json\/wp\/v2\/pages\/716\/revisions"}],"predecessor-version":[{"id":736,"href":"https:\/\/justmake.pl\/index.php\/wp-json\/wp\/v2\/pages\/716\/revisions\/736"}],"wp:attachment":[{"href":"https:\/\/justmake.pl\/index.php\/wp-json\/wp\/v2\/media?parent=716"}],"curies":[{"name":"wp","href":"https:\/\/api.w.org\/{rel}","templated":true}]}}